{"id":10011,"date":"2022-11-23T16:44:00","date_gmt":"2022-11-23T19:44:00","guid":{"rendered":"http:\/\/www.edu-kayaks.com.ar\/tienda\/?post_type=product&#038;p=10011"},"modified":"2024-12-02T20:39:17","modified_gmt":"2024-12-02T23:39:17","slug":"arduino-modulo-semaforo-led-rojo-amarillo-verde-unoelectro","status":"publish","type":"product","link":"https:\/\/www.edu-kayaks.com.ar\/tienda\/tienda\/electronica\/arduino-modulo-semaforo-led-rojo-amarillo-verde-unoelectro\/","title":{"rendered":"Arduino M\u00f3dulo Sem\u00e1foro Led  Rojo Amarillo Verde"},"content":{"rendered":"","protected":false},"excerpt":{"rendered":"<p>El m\u00f3dulo tiene 3 leds los cuales los puedes programar de manera independiente o sincronizarlos para encenderlos por un determinado tiempo. Este m\u00f3dulo es totalmente compatible con las placas de desarrollo de Arduino y otros microcontroladores de 5V o con sistema de raspberry pi.<\/p>\n<p>\u00bfCOMO FUNCIONA?<br \/>\nEl modulo tiene marcado los pines que corresponden a cada color y de acuerdo al microcontrolador o placa de desarrollo que vas utilizar, conectar en los pines digitales y despu\u00e9s selecciona un entorno de programaci\u00f3n te recomendamos el IDE de Arduino ya que este te permitir\u00e1 programarlo de manera r\u00e1pida y sencilla.<\/p>\n<p>CONEXION DE TERMINALES<br \/>\n&#8211; GND: Com\u00fan<br \/>\n&#8211; R: led rojo<br \/>\n&#8211; Y: led amarillo<br \/>\n&#8211; G: led verde<\/p>\n<p>ESPECIFICACIONES<br \/>\n&#8211; Alimentaci\u00f3n : 5volts<br \/>\n&#8211; Corriente t\u00edpica: 20mA<br \/>\n&#8211; \u00c1ngulo de visi\u00f3n:45\u00b0<br \/>\n&#8211; N\u00famero de pines: 4<br \/>\n&#8211; Dimensiones: 56x21x11mm.<br \/>\n&#8211; Leds: Difusos<br \/>\n&#8211; Di\u00e1metro de encapsulados: 10mm<br \/>\n&#8211; Peso: 5gr.<br \/>\n&#8211; Material: PCB<\/p>\n","protected":false},"featured_media":10012,"template":"","meta":[],"product_brand":[],"product_cat":[867,860],"product_tag":[],"class_list":{"0":"post-10011","1":"product","2":"type-product","3":"status-publish","4":"has-post-thumbnail","6":"product_cat-electronica","7":"product_cat-informatica","9":"first","10":"instock","11":"shipping-taxable","12":"purchasable","13":"product-type-simple"},"_links":{"self":[{"href":"https:\/\/www.edu-kayaks.com.ar\/tienda\/wp-json\/wp\/v2\/product\/10011","targetHints":{"allow":["GET"]}}],"collection":[{"href":"https:\/\/www.edu-kayaks.com.ar\/tienda\/wp-json\/wp\/v2\/product"}],"about":[{"href":"https:\/\/www.edu-kayaks.com.ar\/tienda\/wp-json\/wp\/v2\/types\/product"}],"wp:featuredmedia":[{"embeddable":true,"href":"https:\/\/www.edu-kayaks.com.ar\/tienda\/wp-json\/wp\/v2\/media\/10012"}],"wp:attachment":[{"href":"https:\/\/www.edu-kayaks.com.ar\/tienda\/wp-json\/wp\/v2\/media?parent=10011"}],"wp:term":[{"taxonomy":"product_brand","embeddable":true,"href":"https:\/\/www.edu-kayaks.com.ar\/tienda\/wp-json\/wp\/v2\/product_brand?post=10011"},{"taxonomy":"product_cat","embeddable":true,"href":"https:\/\/www.edu-kayaks.com.ar\/tienda\/wp-json\/wp\/v2\/product_cat?post=10011"},{"taxonomy":"product_tag","embeddable":true,"href":"https:\/\/www.edu-kayaks.com.ar\/tienda\/wp-json\/wp\/v2\/product_tag?post=10011"}],"curies":[{"name":"wp","href":"https:\/\/api.w.org\/{rel}","templated":true}]}}