{"id":10025,"date":"2022-11-23T17:17:00","date_gmt":"2022-11-23T20:17:00","guid":{"rendered":"http:\/\/www.edu-kayaks.com.ar\/tienda\/?post_type=product&#038;p=10025"},"modified":"2026-02-09T14:53:18","modified_gmt":"2026-02-09T17:53:18","slug":"microfono-condenser-bm800-estudio-karaoke-youtubers-promo","status":"publish","type":"product","link":"https:\/\/www.edu-kayaks.com.ar\/tienda\/tienda\/informatica\/microfono-condenser-bm800-estudio-karaoke-youtubers-promo\/","title":{"rendered":"Microfono Condenser Bm800 Estudio Karaoke Youtubers Promo"},"content":{"rendered":"","protected":false},"excerpt":{"rendered":"<p>MICROFONO CONDENSER BM800 XLR ESTUDIO KARAOKE NUEVO<br \/>\nEquipo de estudio profesional de grabaci\u00f3n equipado con micr\u00f3fono condenser BM-800, montaje antishock, tapa de espuma antiviento y cable XLR a miniplug.<br \/>\nCaptura Sensible: El BM-800 presenta un diafragma grande de material delgado o c\u00e1psula que vibra y env\u00eda una se\u00f1al a la salida cuando se activa y es golpeado por ondas de sonido, proporciona una representaci\u00f3n extremadamente precisa y altamente detallada de lo que se est\u00e1 reproduciendo<br \/>\nExcelente tanto en voz como en instrumentos: su amplia respuesta de frecuencia lo convierte en un micr\u00f3fono ideal para capturar voces, guitarras ac\u00fasticas, pianos ac\u00fasticos e incluso cuerdas, ya que el condensador puede tomar una instant\u00e1nea precisa y capturar todas las sutilezas y matices inherentes a estos instrumentos.<\/p>\n<p>Bajo nivel de ruido: Presenta una alta relaci\u00f3n se\u00f1al \/ ruido (SNR) que significa menos distorsi\u00f3n en el proceso de grabaci\u00f3n. El exclusivo sistema de protecci\u00f3n de 3 capas previene ruidos pop no deseados, brindando a los cantantes un desempe\u00f1o vocal claro y sin explosiones<\/p>\n<p>COMPATIBILIDAD<br \/>\n\u2022 En algunas computadoras y notebooks funciona perfectamente sin la placa de sonido, y en otra funciona pero con menos ganancia<br \/>\n\u2022 PC de escritorio: tiene un cable de XLR a plug de 3,5mm, el cual va conectado directamente en la pc si tiene una placa interna de sonido. Seg\u00fan el hardware, puede ser necesario elevar la ganancia del micr\u00f3fono por software. Para m\u00e1ximo rendimiento se puede utilizar una fuente phantom.<br \/>\n\u2022 Consolas de sonido: se necesita cable canon\/canon (consultar)<br \/>\n\u2022 Material: met\u00e1lico<br \/>\n\u2022 Diafragma grande<br \/>\n\u2022 Notebook: puede requerir placa de sonido externa USB<\/p>\n<p>INCLUYE<br \/>\n\u2022 Microfono condenser BM-800<br \/>\n\u2022 Cubre microfono de goma espuma<br \/>\n\u2022 Cable XLR a Miniplug 3.5 mm<br \/>\n\u2022 Shock Mount<\/p>\n<p>ESPECIFICACIONES<br \/>\n\u2022 Accesorios incluidos: Shock Mount<br \/>\n\u2022 Cantidad de micr\u00f3fonos: 1<br \/>\n\u2022 Compatibilidad: Mini Plug<br \/>\n\u2022 Con conexi\u00f3n Bluetooth: No<br \/>\n\u2022 Con parlante incorporado: No<br \/>\n\u2022 Conector de salida: Miniplug 3,5mm<br \/>\n\u2022 Conectores de salida: Jack 3.5 mm<br \/>\n\u2022 De computadoras: S\u00ed<br \/>\n\u2022 Es inal\u00e1mbrico: No<br \/>\n\u2022 Es kit: S\u00ed<br \/>\n\u2022 Es un set: S\u00ed<br \/>\n\u2022 Factor de forma: Estudio<br \/>\n\u2022 Formatos: Estudio<br \/>\n\u2022 Frecuencia m\u00e1xima: 20 kHz<br \/>\n\u2022 Frecuencia m\u00ednima: 20 Hz<br \/>\n\u2022 Impedancia: 150<br \/>\n\u2022 Incluye accesorios: S\u00ed<br \/>\n\u2022 Largo del cable: 2.4 m<br \/>\n\u2022 Marca: GENKI<br \/>\n\u2022 Modelo: BM800<br \/>\n\u2022 Patr\u00f3n polar: Cardioide<br \/>\n\u2022 Patrones polares: Cardioide<br \/>\n\u2022 Peso: 346 g<br \/>\n\u2022 Rango de frecuencia: 20Hz-20kHz<br \/>\n\u2022 Sensibilidad: -34 dB<br \/>\n\u2022 Set: S\u00ed<br \/>\n\u2022 Tipo de micr\u00f3fono: Condensador<br \/>\n\u2022 Tipos de micr\u00f3fono: Condensador<br \/>\n\u2022 Usos recomendados: Para computadora<\/p>\n","protected":false},"featured_media":10027,"template":"","meta":[],"product_brand":[],"product_cat":[860,859],"product_tag":[],"class_list":{"0":"post-10025","1":"product","2":"type-product","3":"status-publish","4":"has-post-thumbnail","6":"product_cat-informatica","7":"product_cat-musica-audio","9":"first","10":"instock","11":"shipping-taxable","12":"purchasable","13":"product-type-simple"},"_links":{"self":[{"href":"https:\/\/www.edu-kayaks.com.ar\/tienda\/wp-json\/wp\/v2\/product\/10025","targetHints":{"allow":["GET"]}}],"collection":[{"href":"https:\/\/www.edu-kayaks.com.ar\/tienda\/wp-json\/wp\/v2\/product"}],"about":[{"href":"https:\/\/www.edu-kayaks.com.ar\/tienda\/wp-json\/wp\/v2\/types\/product"}],"wp:featuredmedia":[{"embeddable":true,"href":"https:\/\/www.edu-kayaks.com.ar\/tienda\/wp-json\/wp\/v2\/media\/10027"}],"wp:attachment":[{"href":"https:\/\/www.edu-kayaks.com.ar\/tienda\/wp-json\/wp\/v2\/media?parent=10025"}],"wp:term":[{"taxonomy":"product_brand","embeddable":true,"href":"https:\/\/www.edu-kayaks.com.ar\/tienda\/wp-json\/wp\/v2\/product_brand?post=10025"},{"taxonomy":"product_cat","embeddable":true,"href":"https:\/\/www.edu-kayaks.com.ar\/tienda\/wp-json\/wp\/v2\/product_cat?post=10025"},{"taxonomy":"product_tag","embeddable":true,"href":"https:\/\/www.edu-kayaks.com.ar\/tienda\/wp-json\/wp\/v2\/product_tag?post=10025"}],"curies":[{"name":"wp","href":"https:\/\/api.w.org\/{rel}","templated":true}]}}