{"id":9941,"date":"2022-08-11T12:53:00","date_gmt":"2022-08-11T15:53:00","guid":{"rendered":"http:\/\/www.edu-kayaks.com.ar\/tienda\/?post_type=product&#038;p=9941"},"modified":"2024-12-02T20:19:53","modified_gmt":"2024-12-02T23:19:53","slug":"lg-g5-gama-alta-h840-equipo-no2","status":"publish","type":"product","link":"https:\/\/www.edu-kayaks.com.ar\/tienda\/tienda\/telefonia-movil\/lg-g5-gama-alta-h840-equipo-no2\/","title":{"rendered":"LG G5 (GAMA ALTA)"},"content":{"rendered":"","protected":false},"excerpt":{"rendered":"<p>LG G5 (GAMA ALTA) una nave!!!!<br \/>\n\u2022 MATERIAL ALUMINIO<br \/>\n\u2022 ANDROID 7.0<br \/>\n\u2022 CPU 2.15GHZ Snapdragon 820 2.15GHz<br \/>\n\u2022 GPU DEDICADA<br \/>\n\u2022 RAM 3GB<br \/>\n\u2022 MEM INT 32GB<br \/>\n\u2022 microSD, hasta 200GB<\/p>\n<p>\u2022 PANTALLA 5.3&#8243;<br \/>\n&#8211; 1440 x 2560 pixels<br \/>\n&#8211; Tipo LCD IPS Quantum, touchscreen capacitivo, 16M colores<br \/>\n&#8211; Tama\u00f1o 1440 x 2560 pixels, 5.3 pulgadas<br \/>\n&#8211; Pantalla Gorilla Glass 4<br \/>\n&#8211; Soporte multitouch<br \/>\n&#8211; Sensor aceler\u00f3metro para auto rotaci\u00f3n<br \/>\n&#8211; Sensor de proximidad para auto apagado<br \/>\n&#8211; Sensor girosc\u00f3pico<br \/>\n&#8211; Bar\u00f3metro<br \/>\n&#8211; Lector de huellas dactilares<br \/>\n&#8211; Lector de iris<\/p>\n<p>\u2022 C\u00c1MARA 23MP 16MP+8MP<br \/>\n16 MP + 8 MP, autofocus asistido por l\u00e1ser, flash LED tono dual, foco t\u00e1ctil, apertura f\/1.8, detecci\u00f3n de rostro y sonrisa, estabilizaci\u00f3n \u00f3ptica de imagen, HDR, geo-tagging, video UHD@30fps, sonido stereo, c\u00e1mara frontal 8 MP 1080p@30fps<\/p>\n<p>\u2022 Carga inal\u00e1mbrica (opcional)<br \/>\n\u2022 Carga r\u00e1pida QuickCharge 3.0<br \/>\n\u2022 con soporte A-GPS y GLONASS<br \/>\n\u2022 Br\u00fajula digital<br \/>\n\u2022 EDGE<br \/>\n\u2022 HSDPA 42Mbps \/ HSUPA 5.76Mbps<br \/>\n\u2022 LTE Cat. 9<br \/>\n\u2022 Fi 802.11 a\/b\/g\/n\/ac; Wi-Fi Direct; DLNA; banda dual<br \/>\n\u2022 Bluetooth v4.2 A2DP, LE, apt-X<br \/>\n\u2022 NFC<br \/>\n\u2022 Tipo C v1.0<br \/>\n\u2022 activa de ruido con micr\u00f3fono dedicado<br \/>\n\u2022 de video DivX\/Xvid\/MP4\/H.264\/H.263<br \/>\n\u2022 Reproductor de audio MP3\/WAV\/eAAC+<br \/>\n\u2022 de imagen\/video<br \/>\n\u2022 Memo\/comandos\/discado de voz<br \/>\n\u2022 Manoslibres incorporado<br \/>\n\u2022 Ingreso predictivo de texto<\/p>\n<p>\u2022 SENSOR DE HUELLA DIGITAL<br \/>\n\u2022 CAJA Y MANUALES ORIGINALES<br \/>\n\u2022 1 BATERIA EXTRAIBLE DE 2800mAh Standard, Li-Ion intercambiable<br \/>\n\u2022\u00a0 PARA COMPA\u00d1IA PERSONAL<\/p>\n<p><strong>REEMPLAZADO POR NUEVO<\/strong><br \/>\n\u2022 PANTALLA 5,3&#8243;<br \/>\n\u2022 CRISTAL CUBRE C\u00c1MARA<br \/>\n\u2022 CABLE USB<br \/>\n\u2022 CARGADOR INTELIGENTE<br \/>\nEquipo reacondicionado, quiere decir que las piezas defectuosas fueron reemplazadas por nuevas.<br \/>\nComo la pantalla fue reemplazada por una nueva <strong>la pantalla tiene un film de protecci\u00f3n para quitar, se lo deje para que lo quite el pr\u00f3ximo due\u00f1o.<\/strong><\/p>\n","protected":false},"featured_media":9995,"template":"","meta":[],"product_brand":[],"product_cat":[861],"product_tag":[],"class_list":{"0":"post-9941","1":"product","2":"type-product","3":"status-publish","4":"has-post-thumbnail","6":"product_cat-telefonia-movil","8":"first","9":"instock","10":"shipping-taxable","11":"purchasable","12":"product-type-simple"},"_links":{"self":[{"href":"https:\/\/www.edu-kayaks.com.ar\/tienda\/wp-json\/wp\/v2\/product\/9941","targetHints":{"allow":["GET"]}}],"collection":[{"href":"https:\/\/www.edu-kayaks.com.ar\/tienda\/wp-json\/wp\/v2\/product"}],"about":[{"href":"https:\/\/www.edu-kayaks.com.ar\/tienda\/wp-json\/wp\/v2\/types\/product"}],"wp:featuredmedia":[{"embeddable":true,"href":"https:\/\/www.edu-kayaks.com.ar\/tienda\/wp-json\/wp\/v2\/media\/9995"}],"wp:attachment":[{"href":"https:\/\/www.edu-kayaks.com.ar\/tienda\/wp-json\/wp\/v2\/media?parent=9941"}],"wp:term":[{"taxonomy":"product_brand","embeddable":true,"href":"https:\/\/www.edu-kayaks.com.ar\/tienda\/wp-json\/wp\/v2\/product_brand?post=9941"},{"taxonomy":"product_cat","embeddable":true,"href":"https:\/\/www.edu-kayaks.com.ar\/tienda\/wp-json\/wp\/v2\/product_cat?post=9941"},{"taxonomy":"product_tag","embeddable":true,"href":"https:\/\/www.edu-kayaks.com.ar\/tienda\/wp-json\/wp\/v2\/product_tag?post=9941"}],"curies":[{"name":"wp","href":"https:\/\/api.w.org\/{rel}","templated":true}]}}